{"id":1053,"date":"2022-04-27T11:35:08","date_gmt":"2022-04-27T14:35:08","guid":{"rendered":"https:\/\/gitex.com.br\/empreenda\/?page_id=1053"},"modified":"2022-10-04T14:55:00","modified_gmt":"2022-10-04T17:55:00","slug":"politica-de-privacidade","status":"publish","type":"page","link":"https:\/\/gitex.com.br\/empreenda\/politica-de-privacidade\/","title":{"rendered":"Pol\u00edtica de Privacidade"},"content":{"rendered":"<div>\n<div>A Gitex fornece este site e outras p\u00e1ginas com informa\u00e7\u00f5es sobre nossos neg\u00f3cios para seus clientes e o p\u00fablico. A prote\u00e7\u00e3o de dados pessoais e privacidade \u00e9 uma quest\u00e3o com a qual lidamos todos os dias. Nesse sentido, esta pol\u00edtica de privacidade explica claramente como seus dados pessoais ser\u00e3o usados em nosso site e em quaisquer p\u00e1ginas online espec\u00edficas para promover nossos eventos e Publica\u00e7\u00f5es (incluindo p\u00e1ginas de destino e outros canais de entrada de dados). Esta pol\u00edtica n\u00e3o se aplica a sites fora do nosso controle ou outros servi\u00e7os integrados ao nosso site. \u00c9 importante que voc\u00ea leia esta Pol\u00edtica de Privacidade por completo e caso n\u00e3o concorde recomendamos fortemente que voc\u00ea n\u00e3o visite este site.<\/div>\n<h3>Quais s\u00e3o os dados coletados?<\/h3>\n<div>Os dados e informa\u00e7\u00f5es coletadas pela Gitex ir\u00e3o variar de acordo com a maneira que o usu\u00e1rio navega neste site. Todas as informa\u00e7\u00f5es e dados coletados ou aqueles fornecidos diretamente pelo titular dos dados pessoais, ser\u00e3o tratados como confidenciais, e somente os usaremos para os fins aqui descritos e\/ou autorizados por voc\u00ea.<\/div>\n<h3>Com quem a Gitex compartilha os seus dados?<\/h3>\n<div>Poderemos desenvolver um amplo leque de atividades com outras empresas, principalmente para utilizar os servi\u00e7os auxiliares funcionais do site e obter informa\u00e7\u00f5es sobre os seus utilizadores. Portanto, nos reservamos o direito de compartilhar suas informa\u00e7\u00f5es com nossos parceiros, sempre que poss\u00edvel, iremos compartilh\u00e1-las de maneira anonimizada. Em hip\u00f3tese alguma, iremos emprestar ou vender seus dados pessoais para ningu\u00e9m. Nossos Parceiros: a Gitex pode compartilhar todas informa\u00e7\u00f5es que coleta sobre os Usu\u00e1rios do site e outros canais de entrada de dados com parceiros e\/ou contratados da Gitex, que s\u00e3o contratados exclusivamente para poder oferecer os servi\u00e7os contidos nos sites. Os nossos parceiros est\u00e3o autorizados a utilizar os dados pessoais apenas para o fim espec\u00edfico do contrato e passar\u00e3o a ter total responsabilidade, pelo que n\u00e3o utilizar\u00e3o os seus dados pessoais para outros fins a n\u00e3o ser para a presta\u00e7\u00e3o dos servi\u00e7os previstos no contrato, o que desde j\u00e1 fica por voc\u00ea autorizado caso visite esse site. Para resguardar e proteger direitos da Gitex: a Gitex se reserva no direito de acessar, ler, preservar e fornecer quaisquer dados e informa\u00e7\u00f5es sobre os Usu\u00e1rios, incluindo intera\u00e7\u00f5es suas, caso sejam necess\u00e1rios para cumprir uma obriga\u00e7\u00e3o legal ou uma ordem judicial; para fazer cumprir ou aplicar outros acordos e\/ou contratos; ou proteger os direitos, propriedade ou seguran\u00e7a da Gitex, bem como de nossos colaboradores e\/ou outros usu\u00e1rios.<\/div>\n<h3>Como utilizamos Cookies e Tags?<\/h3>\n<div>Quando os usu\u00e1rios visitam nosso site, eles inserem \u201cCookies\u201d em seus navegadores (como navegadores: Chrome, Firefox, Internet Explorer, etc.) para realizar a coleta autom\u00e1tica de certos dados pessoais para que (i) operemos nosso site (estritamente cookies necess\u00e1rios) e (ii) obter informa\u00e7\u00f5es agregadas sobre seus usu\u00e1rios. O site tamb\u00e9m possui (iii) cookies de terceiros para publicidade (cookies de publicidade). Os usu\u00e1rios podem optar por rejeitar ou desabilitar os Cookies por meio das configura\u00e7\u00f5es do navegador ou ao instalar plug-ins que executam esta fun\u00e7\u00e3o. No entanto, isso pode fazer com que certas \u00e1reas do nosso site n\u00e3o funcionem corretamente. O que s\u00e3o Cookies: \u201cCookies\u201d s\u00e3o identificadores que s\u00e3o transferidos para o seu navegador ou dispositivo, que nos informam como e quando as p\u00e1ginas e recursos em nosso site s\u00e3o visitados, quantas pessoas as acessam e algumas informa\u00e7\u00f5es sobre seus dispositivos. O que \u00e9 Tag: \u201cTag\u201d \u00e9 uma denomina\u00e7\u00e3o gen\u00e9rica para trechos de c\u00f3digos que permitem a coleta de dados de usu\u00e1rios de um site, possibilitam a implementa\u00e7\u00e3o de funcionalidades (como por exemplo: v\u00eddeos, imagens, etc), e permitem a utiliza\u00e7\u00e3o de cookies. Esta Pol\u00edtica n\u00e3o cobre o uso de cookies por terceiros, e n\u00e3o somos respons\u00e1veis por suas pol\u00edticas e pr\u00e1ticas de privacidade.<\/div>\n<h3>Direitos do usu\u00e1rio<\/h3>\n<div>O usu\u00e1rio do site e outros canais de entrada de dados, sempre poder\u00e1 optar em n\u00e3o divulgar seus dados, mas alguns desses dados podem ser necess\u00e1rios para obten\u00e7\u00e3o de Conte\u00fados e Servi\u00e7os que oferecemos (como por exemplo: inscri\u00e7\u00f5es em newsletters, pedidos de or\u00e7amento, etc). Independente disso, o Usu\u00e1rio do site e outros canais de entrada de dados sempre possuir\u00e1 direitos relativos \u00e0 privacidade e a prote\u00e7\u00e3o dos seus dados pessoais. Talvez seja necess\u00e1rio solicitar informa\u00e7\u00f5es espec\u00edficas do usu\u00e1rio para nos ajudar a confirmar sua identidade e garantir seu direito de acessar seus dados pessoais (ou de exercer seus outros direitos). Esta \u00e9 uma medida de seguran\u00e7a para garantir que os dados pessoais do usu\u00e1rio n\u00e3o sejam divulgados a qualquer pessoa que n\u00e3o tenha direito de receb\u00ea-los. Podemos tamb\u00e9m contatar o usu\u00e1rio e propriet\u00e1rio dos dados para obter mais informa\u00e7\u00f5es em rela\u00e7\u00e3o \u00e0 sua solicita\u00e7\u00e3o, a fim de acelerar nossa resposta. Responderemos de acordo com o prazo estabelecido pela lei e todas as solicita\u00e7\u00f5es leg\u00edtimas ser\u00e3o respondidas dentro de 15 (quinze) dias corridos. Neste caso, iremos notific\u00e1-lo e mant\u00ea-lo atualizado sobre o andamento da sua solicita\u00e7\u00e3o. Caso o Usu\u00e1rio tenha alguma d\u00favida sobre como pode exercer esses direitos, entre em contato conosco e fale com nosso Encarregado de Prote\u00e7\u00e3o de Dados Pessoais. Pedimos para escrever no campo assunto: \u201cDados pessoais\u201d.<\/div>\n<h3>Por quanto tempo os dados ser\u00e3o armazenados?<\/h3>\n<div>N\u00f3s manteremos os dados pessoais dos Usu\u00e1rios do site e outros canais de entrada de dados somente pelo tempo que for necess\u00e1rio para cumprir com as finalidades para as quais os coletamos, inclusive para fins de cumprimento de quaisquer obriga\u00e7\u00f5es legais, contratuais, de presta\u00e7\u00e3o de contas ou requisi\u00e7\u00e3o de autoridades competentes. Todos os dados coletados ser\u00e3o exclu\u00eddos de nossos servidores quando o Usu\u00e1rio e\/ou Propriet\u00e1rio dos Dados Pessoais assim requisitar ou quando estes n\u00e3o forem mais necess\u00e1rios ou relevantes para oferecermos os nossos Servi\u00e7os, salvo se houver qualquer outra raz\u00e3o para a sua manuten\u00e7\u00e3o, como eventual obriga\u00e7\u00e3o legal de reten\u00e7\u00e3o de dados, ou necessidade de preserva\u00e7\u00e3o destes para resguardo de direitos da Gitex. Para determinar o per\u00edodo de reten\u00e7\u00e3o adequado para os dados pessoais, consideramos a quantidade, a natureza e a sensibilidade dos dados pessoais, o risco potencial de danos decorrentes do uso n\u00e3o autorizado ou da divulga\u00e7\u00e3o de seus dados pessoais, a finalidade de processamento dos seus dados pessoais e se podemos alcan\u00e7ar tais prop\u00f3sitos atrav\u00e9s de outros meios, e os requisitos legais aplic\u00e1veis.<\/div>\n<div><\/div>\n<h3>Como funciona a Seguran\u00e7a da Informa\u00e7\u00e3o na Gitex<\/h3>\n<div>A Gitex toma todas as provid\u00eancias t\u00e9cnicas e organizacionais para proteger os dados pessoais dos Usu\u00e1rios do site e outros canais de entrada de dados, contra perda, uso n\u00e3o autorizado ou outros abusos. Os dados ser\u00e3o armazenados em um ambiente operacional seguro que n\u00e3o \u00e9 acess\u00edvel ao p\u00fablico. N\u00f3s nos esfor\u00e7amos para proteger a privacidade dos dados pessoais que armazenamos, mas, infelizmente, n\u00e3o podemos garantir total seguran\u00e7a. O uso n\u00e3o autorizado de contas, falhas de hardware ou software e outros fatores podem comprometer a seguran\u00e7a de seus dados pessoais a qualquer momento, portanto, ajude-nos a manter um ambiente seguro para todos. Al\u00e9m de adotar boas pr\u00e1ticas de seguran\u00e7a relacionadas aos seus dados pessoais, caso o usu\u00e1rio encontre ou perceba algo que comprometa a seguran\u00e7a dos dados pessoais, entre em contato conosco e fale com nosso Encarregado de Prote\u00e7\u00e3o de Dados Pessoais.<\/div>\n<h3>Transfer\u00eancia Internacional<\/h3>\n<div>A Gitex n\u00e3o transfere diretamente dados pessoais coletados no Brasil para outros pa\u00edses, contudo os servi\u00e7os de terceiros que usamos podem realizar transfer\u00eancias para outros pa\u00edses. Utilizamos servi\u00e7os de terceiros que buscam adotar padr\u00f5es adequados em privacidade e prote\u00e7\u00e3o de dados pessoais. a Gitex tem sua sede no Brasil e os dados que coletamos s\u00e3o regidos pela lei brasileira. Ao acessar ou usar nossos servi\u00e7os, o usu\u00e1rio do site e outros canais de entrada de dados, concorda com o processamento e a transfer\u00eancia de tais dados para o Brasil e eventualmente para outros pa\u00edses por meio do servi\u00e7o de terceiros. Os dados pessoais dos Usu\u00e1rios do site e outros canais de entrada de dados, ao serem transferidos para esses pa\u00edses, poder\u00e3o estar sujeitos \u00e0 legisla\u00e7\u00e3o local e regras pertinentes.<\/div>\n<h3>Como falar com a Gitex<\/h3>\n<div>Se voc\u00ea acredita que suas informa\u00e7\u00f5es pessoais foram usadas de maneira incompat\u00edvel com esta Pol\u00edtica ou com as suas escolhas enquanto titular destes dados, ou, ainda, se voc\u00ea tiver outras d\u00favidas, coment\u00e1rios ou sugest\u00f5es relacionadas a esta Pol\u00edtica, voc\u00ea pode entrar em contato com nosso Encarregado de Prote\u00e7\u00e3o de Dados Pessoais atrav\u00e9s dos canais de atendimento e endere\u00e7o, disponibilizados neste site.<\/div>\n<h3>Atualiza\u00e7\u00f5es desta Pol\u00edtica<\/h3>\n<div>Como estamos sempre buscando melhorar nossos Servi\u00e7os, esta Pol\u00edtica pode passar por atualiza\u00e7\u00f5es, visando fornecer ao Usu\u00e1rio do site mais seguran\u00e7a, conveni\u00eancia e melhorar cada vez mais a sua experi\u00eancia de navega\u00e7\u00e3o. \u00c9 por isso que recomendamos que o Usu\u00e1rio acesse nossa Pol\u00edtica de Privacidade, periodicamente, para que tenha conhecimento sobre poss\u00edveis modifica\u00e7\u00f5es. Para facilitar, indicamos no final desta Pol\u00edtica a data da \u00faltima atualiza\u00e7\u00e3o. Caso sejam feitas altera\u00e7\u00f5es relevantes que ensejem novas autoriza\u00e7\u00f5es dos Usu\u00e1rios, iremos publicar essa atualiza\u00e7\u00e3o e solicitar um novo consentimento.<\/div>\n<div>Data da \u00faltima atualiza\u00e7\u00e3o da Pol\u00edtica de Privacidade:<br \/>\n04\/10\/2022<\/div>\n<\/div>\n","protected":false},"excerpt":{"rendered":"<p>A Gitex fornece este site e outras p\u00e1ginas com informa\u00e7\u00f5es sobre nossos neg\u00f3cios para seus clientes e o p\u00fablico. A [&hellip;]<\/p>\n","protected":false},"author":2,"featured_media":0,"parent":0,"menu_order":20,"comment_status":"closed","ping_status":"closed","template":"","meta":[],"acf":[],"_links":{"self":[{"href":"https:\/\/gitex.com.br\/empreenda\/wp-json\/wp\/v2\/pages\/1053"}],"collection":[{"href":"https:\/\/gitex.com.br\/empreenda\/wp-json\/wp\/v2\/pages"}],"about":[{"href":"https:\/\/gitex.com.br\/empreenda\/wp-json\/wp\/v2\/types\/page"}],"author":[{"embeddable":true,"href":"https:\/\/gitex.com.br\/empreenda\/wp-json\/wp\/v2\/users\/2"}],"replies":[{"embeddable":true,"href":"https:\/\/gitex.com.br\/empreenda\/wp-json\/wp\/v2\/comments?post=1053"}],"version-history":[{"count":4,"href":"https:\/\/gitex.com.br\/empreenda\/wp-json\/wp\/v2\/pages\/1053\/revisions"}],"predecessor-version":[{"id":1218,"href":"https:\/\/gitex.com.br\/empreenda\/wp-json\/wp\/v2\/pages\/1053\/revisions\/1218"}],"wp:attachment":[{"href":"https:\/\/gitex.com.br\/empreenda\/wp-json\/wp\/v2\/media?parent=1053"}],"curies":[{"name":"wp","href":"https:\/\/api.w.org\/{rel}","templated":true}]}}