{"id":58,"date":"2019-09-24T22:40:26","date_gmt":"2019-09-25T01:40:26","guid":{"rendered":"https:\/\/gitex.com.br\/empreenda\/?page_id=58"},"modified":"2023-10-24T13:12:49","modified_gmt":"2023-10-24T16:12:49","slug":"conheca","status":"publish","type":"page","link":"https:\/\/gitex.com.br\/empreenda\/conheca\/","title":{"rendered":"Conhe\u00e7a o Empreenda"},"content":{"rendered":"<h2 style=\"text-align: center;\">Personalize seu <em><strong>neg\u00f3cio<\/strong><\/em>!<br \/>\nEstampe sua fita do seu jeito.<\/h2>\n<p style=\"text-align: center;\">Voc\u00ea pode personalizar seus projetos de forma r\u00e1pida atrav\u00e9s da impress\u00e3o de Fitas de Cetim com filmes Hotstamp.<\/p>\n<p style=\"text-align: center;\"><strong>Voc\u00ea cria, estampa e personaliza.<\/strong><\/p>\n<p>&nbsp;<\/p>\n<div class=\"video-container\"><iframe loading=\"lazy\" title=\"Empreenda\" width=\"500\" height=\"281\" src=\"https:\/\/www.youtube.com\/embed\/TkXL8udfaAo?feature=oembed\" frameborder=\"0\" allow=\"accelerometer; autoplay; clipboard-write; encrypted-media; gyroscope; picture-in-picture; web-share\" allowfullscreen><\/iframe><\/div>\n","protected":false},"excerpt":{"rendered":"<p>Personalize seu neg\u00f3cio! Estampe sua fita do seu jeito. Voc\u00ea pode personalizar seus projetos de forma r\u00e1pida atrav\u00e9s da impress\u00e3o [&hellip;]<\/p>\n","protected":false},"author":2,"featured_media":0,"parent":0,"menu_order":2,"comment_status":"closed","ping_status":"closed","template":"modelo-conheca.php","meta":[],"acf":[],"_links":{"self":[{"href":"https:\/\/gitex.com.br\/empreenda\/wp-json\/wp\/v2\/pages\/58"}],"collection":[{"href":"https:\/\/gitex.com.br\/empreenda\/wp-json\/wp\/v2\/pages"}],"about":[{"href":"https:\/\/gitex.com.br\/empreenda\/wp-json\/wp\/v2\/types\/page"}],"author":[{"embeddable":true,"href":"https:\/\/gitex.com.br\/empreenda\/wp-json\/wp\/v2\/users\/2"}],"replies":[{"embeddable":true,"href":"https:\/\/gitex.com.br\/empreenda\/wp-json\/wp\/v2\/comments?post=58"}],"version-history":[{"count":41,"href":"https:\/\/gitex.com.br\/empreenda\/wp-json\/wp\/v2\/pages\/58\/revisions"}],"predecessor-version":[{"id":1478,"href":"https:\/\/gitex.com.br\/empreenda\/wp-json\/wp\/v2\/pages\/58\/revisions\/1478"}],"wp:attachment":[{"href":"https:\/\/gitex.com.br\/empreenda\/wp-json\/wp\/v2\/media?parent=58"}],"curies":[{"name":"wp","href":"https:\/\/api.w.org\/{rel}","templated":true}]}}